{"id":1553,"date":"2016-04-17T19:27:36","date_gmt":"2016-04-17T17:27:36","guid":{"rendered":"http:\/\/selmaammari.de\/wp\/?page_id=1553"},"modified":"2026-02-21T12:34:43","modified_gmt":"2026-02-21T10:34:43","slug":"imprint","status":"publish","type":"page","link":"https:\/\/selmaammari.de\/wp\/?page_id=1553","title":{"rendered":"Imprint"},"content":{"rendered":"<p style=\"text-align: center;\">Selma Ammari \/\/ mail@selmaammari.de \/\/<br \/>\n\/\/ phone +49 (0) 163 \u2013 52 88 940 \/\/<br \/>\nSteuernummer DE 293274900<\/p>\n<div class=\"otQkpb\" role=\"heading\" aria-level=\"3\" data-animation-nesting=\"\" data-sfc-cp=\"\" data-complete=\"true\" data-processed=\"true\" data-sae=\"\">Datenschutzerkl\u00e4rung<\/div>\n<div class=\"Y3BBE\" data-sfc-cp=\"\" data-hveid=\"CAEIBRAA\" data-complete=\"true\" data-processed=\"true\"><strong class=\"Yjhzub\" data-complete=\"true\" data-processed=\"true\">1. Verantwortlicher<\/strong><br data-serialized-params=\"[]\" data-complete=\"true\" data-processed=\"true\" \/>Verantwortlich f\u00fcr die Datenverarbeitung auf dieser Website ist:<br data-serialized-params=\"[]\" data-complete=\"true\" data-processed=\"true\" \/><strong class=\"Yjhzub\" data-complete=\"true\" data-processed=\"true\">Selma Ammari Styling<\/strong><br data-serialized-params=\"[]\" data-complete=\"true\" data-processed=\"true\" \/><strong class=\"Yjhzub\" data-complete=\"true\" data-processed=\"true\">Glockenstr. 19 \/\/ 40476 D\u00fcsseldorf<\/strong><br data-serialized-params=\"[]\" data-complete=\"true\" data-processed=\"true\" \/><strong class=\"Yjhzub\" data-complete=\"true\" data-processed=\"true\">mail@selmaammari.de<\/strong><\/div>\n<div data-sfc-cp=\"\" data-hveid=\"CAEIBRAA\" data-complete=\"true\" data-processed=\"true\"><\/div>\n<div class=\"Y3BBE\" data-sfc-cp=\"\" data-hveid=\"CAEIBhAA\" data-complete=\"true\" data-processed=\"true\"><strong class=\"Yjhzub\" data-complete=\"true\" data-processed=\"true\">2. Datenerfassung beim Besuch der Website (Server-Log-Files)<\/strong><br data-serialized-params=\"[]\" data-complete=\"true\" data-processed=\"true\" \/>Beim Aufrufen der Website werden automatisch Informationen durch den Browser an den Server gesendet und in Logfiles gespeichert. Dazu geh\u00f6ren:<\/div>\n<ul class=\"KsbFXc U6u95\" data-complete=\"true\" data-processed=\"true\">\n<li data-hveid=\"CAEIBxAA\" data-complete=\"true\" data-sae=\"\"><span class=\"T286Pc\" data-sfc-cp=\"\" data-complete=\"true\">IP-Adresse, Datum und Uhrzeit des Zugriffs<\/span><\/li>\n<li data-hveid=\"CAEIBxAB\" data-complete=\"true\" data-sae=\"\"><span class=\"T286Pc\" data-sfc-cp=\"\" data-complete=\"true\">Browser-Typ und Betriebssystem<\/span><\/li>\n<li data-hveid=\"CAEIBxAC\" data-complete=\"true\" data-sae=\"\"><span class=\"T286Pc\" data-sfc-cp=\"\" data-complete=\"true\">Referrer-URL (die zuvor besuchte Seite)<br data-serialized-params=\"[]\" data-complete=\"true\" \/><strong class=\"Yjhzub\" data-complete=\"true\">Zweck:<\/strong> Gew\u00e4hrleistung eines reibungslosen Verbindungsaufbaus und der Systemsicherheit. Rechtsgrundlage ist Art. 6 Abs. 1 lit. f DSGVO (berechtigtes Interesse).<\/span><\/li>\n<\/ul>\n<div class=\"Y3BBE\" data-sfc-cp=\"\" data-hveid=\"CAEICBAA\" data-complete=\"true\" data-processed=\"true\"><strong class=\"Yjhzub\" data-complete=\"true\" data-processed=\"true\">3. Kontaktformular und E-Mail-Anfragen<\/strong><br data-serialized-params=\"[]\" data-complete=\"true\" data-processed=\"true\" \/>Wenn du mir Anfragen per Formular oder E-Mail zukommen l\u00e4sst, werden deine Angaben (Name, E-Mail, Nachrichtentext) zwecks Bearbeitung der Anfrage gespeichert.<\/div>\n<ul class=\"KsbFXc U6u95\" data-complete=\"true\" data-processed=\"true\">\n<li data-hveid=\"CAEICRAA\" data-complete=\"true\" data-sae=\"\"><span class=\"T286Pc\" data-sfc-cp=\"\" data-complete=\"true\" aria-owns=\"action-menu-parent-container\"><span class=\"T286Pc\" data-sfc-cp=\"\" data-complete=\"true\" aria-owns=\"action-menu-parent-container\"><strong class=\"Yjhzub\" data-complete=\"true\">Rechtsgrundlage:<\/strong> Art. 6 Abs. 1 lit. b DSGVO (Anbahnung oder Erf\u00fcllung eines Vertrags).<\/span><\/span><\/li>\n<li data-hveid=\"CAEICRAA\" data-complete=\"true\" data-sae=\"\">\n<div class=\"Y3BBE\" data-sfc-cp=\"\" data-hveid=\"CAEIChAA\" data-complete=\"true\" data-processed=\"true\"><strong class=\"Yjhzub\" data-complete=\"true\" data-processed=\"true\">4. Cookies<\/strong><br data-serialized-params=\"[]\" data-complete=\"true\" data-processed=\"true\" \/>Diese Website verwendet Cookies (kleine Textdateien), um das Angebot nutzerfreundlich zu gestalten. Technisch notwendige Cookies werden auf Grundlage von Art. 6 Abs. 1 lit. f DSGVO gesetzt. F\u00fcr Analyse-Cookies (z. B. Google Analytics) hole ich vorab deine Einwilligung \u00fcber ein <span data-sfc-cp=\"\" data-wiz-uids=\"WvPZ5d_1g\" data-complete=\"true\" data-processed=\"true\"><a class=\"H23r4e\" href=\"https:\/\/www.180-datenschutz.de\/dsgvo-konforme-webseite\/\" target=\"_blank\" rel=\"noopener\" data-hveid=\"CAEIChAB\" data-sb=\"\/url?sa=i&amp;source=web&amp;rct=j&amp;url=https:\/\/www.180-datenschutz.de\/dsgvo-konforme-webseite\/&amp;ved=2ahUKEwjU5J2MsOqSAxVd_AIHHVIiKqgQy_kOegYIAQgKEAE&amp;opi=89978449&amp;cd&amp;psig=AOvVaw1uYG-kGZ0u3uyO4JK-O-Jl&amp;ust=1771756140381000\" data-processed=\"true\">Cookie-Banner<\/a><\/span> ein.<\/div>\n<\/li>\n<li data-hveid=\"CAEICRAA\" data-complete=\"true\" data-sae=\"\">\n<div class=\"Y3BBE\" data-sfc-cp=\"\" data-hveid=\"CAEIChAA\" data-complete=\"true\" data-processed=\"true\"><\/div>\n<div class=\"Y3BBE\" data-sfc-cp=\"\" data-hveid=\"CAEIDBAA\" data-complete=\"true\" data-processed=\"true\"><strong class=\"Yjhzub\" data-complete=\"true\" data-processed=\"true\">5. Plugins und Drittanbieter (z. B. Instagram, Google Maps)<\/strong><br data-serialized-params=\"[]\" data-complete=\"true\" data-processed=\"true\" \/>Auf dieser Seite k\u00f6nnen Dienste von Drittanbietern eingebunden sein. Dabei wird deine IP-Adresse an diese Anbieter \u00fcbertragen. Details dazu entnimm bitte den Datenschutzhinweisen der jeweiligen Anbieter (z. B. <span class=\"T286Pc\" data-sfc-cp=\"\" data-complete=\"true\" data-processed=\"true\">Meta\/Instagram Datenschutz<\/span>).<\/div>\n<div class=\"Y3BBE\" data-sfc-cp=\"\" data-hveid=\"CAEIDRAA\" data-complete=\"true\" data-processed=\"true\"><strong class=\"Yjhzub\" data-complete=\"true\" data-processed=\"true\">6. Rechte des Seiteninhabers<\/strong><\/div>\n<ul class=\"KsbFXc U6u95\" data-complete=\"true\" data-processed=\"true\">\n<li data-hveid=\"CAEIDhAA\" data-complete=\"true\" data-sae=\"\"><span class=\"T286Pc\" data-sfc-cp=\"\" data-complete=\"true\"><strong class=\"Yjhzub\" data-complete=\"true\">Auskunft<\/strong> \u00fcber deine bei mir gespeicherten Daten.<\/span><\/li>\n<li data-hveid=\"CAEIDhAB\" data-complete=\"true\" data-sae=\"\"><span class=\"T286Pc\" data-sfc-cp=\"\" data-complete=\"true\"><strong class=\"Yjhzub\" data-complete=\"true\">Berichtigung<\/strong> unrichtiger Daten oder <strong class=\"Yjhzub\" data-complete=\"true\">L\u00f6schung<\/strong>.<\/span><\/li>\n<li data-hveid=\"CAEIDhAC\" data-complete=\"true\" data-sae=\"\"><span class=\"T286Pc\" data-sfc-cp=\"\" data-complete=\"true\"><strong class=\"Yjhzub\" data-complete=\"true\">Widerruf<\/strong> erteilter Einwilligungen (z. B. f\u00fcr Fotos).<\/span><\/li>\n<li data-hveid=\"CAEIDhAD\" data-complete=\"true\" data-sae=\"\"><span class=\"T286Pc\" data-sfc-cp=\"\" data-complete=\"true\" aria-owns=\"action-menu-parent-container\"><strong class=\"Yjhzub\" data-complete=\"true\">Beschwerde<\/strong> bei der zust\u00e4ndigen <span data-sfc-cp=\"\" data-wiz-uids=\"WvPZ5d_32\" data-complete=\"true\"><a class=\"H23r4e\" href=\"https:\/\/www.ldi.nrw.de\/datenschutz\/medien-und-technik\/websites-muster-fuer-datenschutzhinweise\" target=\"_blank\" rel=\"noopener\" data-hveid=\"CAEIDhAE\" data-sb=\"\/url?sa=i&amp;source=web&amp;rct=j&amp;url=https:\/\/www.ldi.nrw.de\/datenschutz\/medien-und-technik\/websites-muster-fuer-datenschutzhinweise&amp;ved=2ahUKEwjU5J2MsOqSAxVd_AIHHVIiKqgQy_kOegYIAQgOEAQ&amp;opi=89978449&amp;cd&amp;psig=AOvVaw1uYG-kGZ0u3uyO4JK-O-Jl&amp;ust=1771756140381000\">Datenschutz-Aufsichtsbeh\u00f6rde<\/a><\/span><\/span><\/li>\n<li data-hveid=\"CAEIDhAD\" data-complete=\"true\" data-sae=\"\"><span class=\"T286Pc\" data-sfc-cp=\"\" data-complete=\"true\" aria-owns=\"action-menu-parent-container\"><strong class=\"Yjhzub\" data-complete=\"true\" data-processed=\"true\">7. Datensicherheit<\/strong><br data-serialized-params=\"[]\" data-complete=\"true\" data-processed=\"true\" \/>Diese Website nutzt aus Sicherheitsgr\u00fcnden eine SSL- bzw. TLS-Verschl\u00fcsselung (erkennbar an \u201ehttps:\/\/\u201c in der Adresszeile).<\/span><\/li>\n<\/ul>\n<\/li>\n<\/ul>\n<p style=\"text-align: center;\">Haftungsausschluss<\/p>\n<p style=\"text-align: center;\">Trotz sorgf\u00e4ltiger inhaltlicher Kontrolle \u00fcbernehme ich keine Haftung f\u00fcr die Inhalte externer Links. F\u00fcr den Inhalt der verlinkten Seiten sind ausschlie\u00dflich deren Betreiber verantwortlich.<\/p>\n<p style=\"text-align: center;\">\u00a9 2026 Selma Ammari. All rights reseverd<\/p>\n","protected":false},"excerpt":{"rendered":"<p>Selma Ammari \/\/ mail@selmaammari.de \/\/ \/\/ phone +49 (0) 163 \u2013 52 88 940 \/\/ Steuernummer DE 293274900 Datenschutzerkl\u00e4rung 1. VerantwortlicherVerantwortlich f\u00fcr die Datenverarbeitung auf dieser Website ist:Selma Ammari StylingGlockenstr. 19 \/\/ 40476 D\u00fcsseldorfmail@selmaammari.de 2. Datenerfassung beim Besuch der Website (Server-Log-Files)Beim Aufrufen der Website werden automatisch Informationen durch den Browser an den Server gesendet und [&hellip;]<\/p>\n","protected":false},"author":1,"featured_media":0,"parent":0,"menu_order":0,"comment_status":"closed","ping_status":"closed","template":"","meta":{"footnotes":""},"_links":{"self":[{"href":"https:\/\/selmaammari.de\/wp\/index.php?rest_route=\/wp\/v2\/pages\/1553"}],"collection":[{"href":"https:\/\/selmaammari.de\/wp\/index.php?rest_route=\/wp\/v2\/pages"}],"about":[{"href":"https:\/\/selmaammari.de\/wp\/index.php?rest_route=\/wp\/v2\/types\/page"}],"author":[{"embeddable":true,"href":"https:\/\/selmaammari.de\/wp\/index.php?rest_route=\/wp\/v2\/users\/1"}],"replies":[{"embeddable":true,"href":"https:\/\/selmaammari.de\/wp\/index.php?rest_route=%2Fwp%2Fv2%2Fcomments&post=1553"}],"version-history":[{"count":5,"href":"https:\/\/selmaammari.de\/wp\/index.php?rest_route=\/wp\/v2\/pages\/1553\/revisions"}],"predecessor-version":[{"id":1873,"href":"https:\/\/selmaammari.de\/wp\/index.php?rest_route=\/wp\/v2\/pages\/1553\/revisions\/1873"}],"wp:attachment":[{"href":"https:\/\/selmaammari.de\/wp\/index.php?rest_route=%2Fwp%2Fv2%2Fmedia&parent=1553"}],"curies":[{"name":"wp","href":"https:\/\/api.w.org\/{rel}","templated":true}]}}