{"id":218,"date":"2012-07-05T02:58:04","date_gmt":"2012-07-05T00:58:04","guid":{"rendered":"http:\/\/selmaammari.de\/wp\/?page_id=218"},"modified":"2026-02-26T13:04:37","modified_gmt":"2026-02-26T11:04:37","slug":"links","status":"publish","type":"page","link":"https:\/\/selmaammari.de\/wp\/?page_id=218","title":{"rendered":"Clients"},"content":{"rendered":"\n<p><\/p>\n\n\n<ul>\n<li style=\"list-style-type: none;\">\n<ul>\n<li style=\"text-align: left;\">\n<div class=\"row layout-row\">\n<div class=\"col col-sm-12 \"><strong>\u00a0 Clients:\u00a0 <\/strong>Accenture \/\/ Abbott \/\/ Aldi Nord \/\/ Aldi S\u00fcd \/\/ Allianz AG\/\/ Amor, Trust &amp; Truth \/\/ Anteon \/\/ ARAG AG \/\/ ARD &#8211; Moma \/\/ Bajazzo Brillen \/\/ BASF \/\/ Bauwens \/\/ Bayer AG \/\/\u00a0 Bayer Leverkusen 04 \/\/ Berner \/\/ BI\u00f6G &#8211; Bundesinstitut f\u00fcr \u00d6ffentliche Gesundheit \/\/ Bonita \/\/ Bose \/\/ B\u00fcrkert \/\/ BYK \/\/ Cinderella &#8211; Das Popmusical \/\/ Cinder Magazine \/\/ Cisco \/\/ Corbis \/\/ CSU \/\/ Credit Suisse \/\/ Deekeling Arndt Advisors \/\/ DEG Allstars \/\/ Deutscher Kork Verband \/\/ Deutsche Rentenversicherung Bund \/\/ Der Bachelor &#8211; Staffel 8 \/\/ Der Bachelor CH &#8211; Staffel 7-11 \/\/ Die Bachelorette\u00a0 &#8211; Staffel 4 &#8211; 5 \/\/ Die Bachelorette Schweiz &#8211; Staffel 2 &amp; 6- 10 \/\/ Bachelor in Paradise &#8211; Staffel 1 \/\/ DKV \/\/ Disney\u00b4s Magic Moments &#8211; Staffel 4\u00a0 &amp; 5 \/\/ 3 Boxen dein Style \/\/ 3plus \/\/ Dorma \/\/ Ellen Wille &#8211; The Haircompany \/\/ Endemol &#8211; Shine \/\/ Ergo Versicherungen \/\/ Esprit \/\/ Evonik \/\/ EVM \/\/ Eyewear Magazine \/\/ Fare \/\/ FIFA 2014 \/\/ Ford \/\/ Galeria Kaufhof Karstadt \/\/ Gebra \/\/ Gerke &#8211; my Pants \/\/ Gerry Weber \/\/\u00a0 Getty Images \/\/ GKVI \/\/ Grey Worldwide \/\/ HCC Bettercare \/\/ HDI \/\/ Henkel \/\/ Hofer \/\/ Host Europe \/\/ IHK Koblenz \/\/ IKK Classic \/\/ Institute Magazine \/\/ Imageproduktion \/\/ Johnson &amp; Johnson \/\/ Kabel 1 \/\/ Kettler \/\/ Kipling \/\/ Kirsten \/\/ Klosterfrau \/\/ Komm\u00f6dchen \/\/ Lanxess \/\/ LEG Wohnen \/\/ Lekkerland \/\/ Maybelline \/\/ National Bank \/\/ Nestl\u00e8 \/\/ NEW \/\/ Novatis \/\/ n-tv \/\/ Oase-Living Water \/\/ Pellens Hortensien \/\/ Palmers Textil AG \/\/ Peter Kaiser Schuhfabrik \/\/ Pferd \/\/ Postbank \/\/ Post Office \/\/ Promi Big Brother 2019 &amp; 2020 \/\/ Provinzial Versicherungen \/\/ Puma vs BVB \/\/ Quiztaxi \/\/ QVC \/\/\u00a0 Rate My Date \/\/ Rehau \/\/ Reserved \/\/ Rotwild \/\/ RTL \/\/ RTL Creation \/\/ SAT 1 \/\/ Seapoint Productions \/\/ Sebastian- Professionell \/\/ Sennheiser \/\/ SIG \/\/ SPD \/\/ SpoBIS \/\/ Superdry \/\/ Stadtwerke D\u00fcsseldorf \/\/ Stenzhorn Jewellery \/\/ Schiesser \/\/ Scholz &amp; Friends \/\/ Schw\u00e4bisch Hall \/\/ Spaeter \/\/ Sparkasse \/\/ Spotify \/\/ Take Me Out &#8211; Staffel 4 \/\/ Tank &amp; Rast \/\/ Test the Nation \/\/ Thyssen Krupp \/\/\u00a0 TOGGO \/\/ Toshiba \/\/ Tonhalle D\u00fcsseldorf \/\/ TUI \/\/ T\u00dcV Rheinland \/\/ Ufa \/\/ \u00dcltje \/\/\u00a0 Unibail &#8211; Rodamco &#8211; Westfield \/\/\u00a0 Universal Music \/\/ USB Bochum \/\/ Vivawest \/\/ Vodafone \/\/ Vorwerk \/\/ Wacom \/\/ Waldl\u00e4ufer Schuhe \/\/ WAZ \/\/ Warner Bros. \/\/ WDR \/\/ Wittenstein \/\/ W\u00fcstenrot \/\/ Xiaomi \/\/ ZDF \/\/ Zurich Versicherungen \/\/<\/div>\n<\/div>\n<div>\u00a0<\/div>\n<div>\u00a0<\/div>\n<div class=\"row layout-row\">\n<p><strong>Celebrities:\u00a0 \u00a0<\/strong>Anna Schudt \/\/ Asdis \/\/ Aleix Garcia \/\/ Alejandro Grimaldo\u00a0 \/\/ Alexander Hermann \/\/\u00a0 Andrea Sawatzki \/\/ Araballa Kiesbaur \/\/ Axel Pape \/\/ Christian Ehring \/\/ Cornelia Poletto \/\/ Daniela Katzenberger \/\/ Desiree Nick \/\/ Dr. Adenauer \/\/ Dr. Bauwens-Adenauer \/\/\u00a0 Dr. Johannes Wimmer \/\/ Elton \/\/ Eko Fresh \/\/ Eva Brenner \/\/ Evelyn Burdecki \/\/ Florian K\u00f6nig \/\/ Frank Rosin \/\/ Frank Thelen \/\/ Granit Xhaka \/\/ Hendrik W\u00fcst \/\/ Harald Schmidt \/\/ Harry Wijnvoord \/\/ Ikke H\u00fcftgold \/\/ Kida Ramadan \/\/ Katja D\u00f6rner \/\/ Laura Karasek \/\/ Lutz van der Horst \/\/ Ralf Schmitz \/\/ Robert Andrich \/\/ Sally &#8211; Lisa Starken \/\/ Steven G\u00e4tjen \/\/ S\u00f6ren M\u00f6hring \/\/ Thomas Westphal \/\/ Thommy Scheel \/\/ Thore Sch\u00f6lermann \/\/ Till Reiners \/\/ Janine Ullmann \/\/ Jenke von Wilmsdorff \/\/ Jens Lehmann \/\/ Jeremie Frimpong \/\/ Jessica Paszka \/\/ Jochen Bendel \/\/ Johann Lafer \/\/ Jonathan Tah \/\/ Julia Leischik \/\/ Julius Brink \/\/ Mario Lohninger \/\/\u00a0 Marlene Lufen \/\/ Marti Fischer \/\/ Melissa Kahlaj \/\/ Michael Mittermaier \/\/ Mike S\u00fcsser \/\/\u00a0 Mirko Drotschmann \/\/ Seraphina Kalze \/\/ S\u00f6ren Link \/\/ Olaf Schade \/\/ Sascha Heyna \/\/ Wigald Boning \/\/ Wotan &#8211; Wilke &#8211; M\u00f6hring<\/p>\n<p><strong>Photographer: <\/strong>Adrian T. Kubica \/\/ Andreas Hirsch \/\/ Benjamin Westhoff \/\/ Bj\u00f6rn Giesbrecht \/\/ Christian Rolfes \/\/ Christian Pattberg \/\/ Clem Wawrzyniak \/\/ Daniel Koebe \/\/ Daniel M\u00f6ller \/\/ Domenik Broich \/\/ Emanuel Bloedt \/\/ Erwin Wenzel \/\/ Frank Dursthoff \/\/ Frank Jurisch \/\/ Frank Wurzer \/\/ Franklin Berger \/\/ Guido Schiefer \/\/ Jens R\u00fc\u00dfmann \/\/ Jo Kirchherr \/\/ Jochen Manz\u00a0 \/\/ J\u00fcrgen Lehnardt \/\/ Katrin Siwula \/\/ Klaas Fahr \/\/ KNSY \/\/ Maik B\u00fcger \/\/ Markus M\u00fcller Saran \/\/\u00a0 Marc Rehbeck \/\/ Oliver Blobel \/\/ Oliver Eltinger \/\/ Patrick Tiedkte \/\/ Peter Palm \/\/ Phuoc Bui \/\/ Uwe M. Carl \/\/ \u00a0Sebastian M\u00f6lleken \/\/ Thea Weires \/\/ Thomas Steuer \/\/ Thorsten Schmidtkord \/\/ Wolfgang Flamisch \/\/ a.m.m.<\/p>\n<\/div>\n<\/li>\n<\/ul>\n<\/li>\n<\/ul>\n<ul>\n<li style=\"text-align: left;\">\u00a0 \u00a0 \u00a0 \u00a0 \u00a0<strong>REGIE:\u00a0<\/strong>Daniel Vogelmann \/\/ Dirk Ludwig \/\/ Eva Marel Jura \/\/ Frank Becher \/\/<strong>\u00a0<\/strong>Frank Lieberich \/\/ Johann Schmejkal \/\/ Mark Achterberg \/\/ Markus Stummer \/\/ Mike Kraus \/\/ Mirko Dreiling \/\/ Renato Navakovic<\/li>\n<\/ul>\n<p>\u00a0 \u00a0 \u00a0 \u00a0 \u00a0 \u00a0 \u00a0 \u00a0\u00a0<strong>Books :\u00a0<\/strong>Sch\u00f6n ohne aber &#8211; Admiral &amp; Friese \/\/ SCM Verlag<\/p>","protected":false},"excerpt":{"rendered":"<p>\u00a0 Clients:\u00a0 Accenture \/\/ Abbott \/\/ Aldi Nord \/\/ Aldi S\u00fcd \/\/ Allianz AG\/\/ Amor, Trust &amp; Truth \/\/ Anteon \/\/ ARAG AG \/\/ ARD &#8211; Moma \/\/ Bajazzo Brillen \/\/ BASF \/\/ Bauwens \/\/ Bayer AG \/\/\u00a0 Bayer Leverkusen 04 \/\/ Berner \/\/ BI\u00f6G &#8211; Bundesinstitut f\u00fcr \u00d6ffentliche Gesundheit \/\/ Bonita \/\/ Bose \/\/ [&hellip;]<\/p>\n","protected":false},"author":1,"featured_media":0,"parent":0,"menu_order":0,"comment_status":"closed","ping_status":"closed","template":"","meta":{"footnotes":""},"_links":{"self":[{"href":"https:\/\/selmaammari.de\/wp\/index.php?rest_route=\/wp\/v2\/pages\/218"}],"collection":[{"href":"https:\/\/selmaammari.de\/wp\/index.php?rest_route=\/wp\/v2\/pages"}],"about":[{"href":"https:\/\/selmaammari.de\/wp\/index.php?rest_route=\/wp\/v2\/types\/page"}],"author":[{"embeddable":true,"href":"https:\/\/selmaammari.de\/wp\/index.php?rest_route=\/wp\/v2\/users\/1"}],"replies":[{"embeddable":true,"href":"https:\/\/selmaammari.de\/wp\/index.php?rest_route=%2Fwp%2Fv2%2Fcomments&post=218"}],"version-history":[{"count":146,"href":"https:\/\/selmaammari.de\/wp\/index.php?rest_route=\/wp\/v2\/pages\/218\/revisions"}],"predecessor-version":[{"id":1899,"href":"https:\/\/selmaammari.de\/wp\/index.php?rest_route=\/wp\/v2\/pages\/218\/revisions\/1899"}],"wp:attachment":[{"href":"https:\/\/selmaammari.de\/wp\/index.php?rest_route=%2Fwp%2Fv2%2Fmedia&parent=218"}],"curies":[{"name":"wp","href":"https:\/\/api.w.org\/{rel}","templated":true}]}}